{"id":10982,"date":"2025-12-24T10:27:11","date_gmt":"2025-12-24T10:27:11","guid":{"rendered":"https:\/\/wp.aqlova.com\/aleric\/home-portfolio\/?page_id=10982"},"modified":"2025-12-25T04:15:16","modified_gmt":"2025-12-25T04:15:16","slug":"portfolio-perspective-slider-light","status":"publish","type":"page","link":"https:\/\/wp.aqlova.com\/aleric\/home-portfolio\/portfolio-perspective-slider-light\/","title":{"rendered":"Portfolio Perspective Slider Light"},"content":{"rendered":"\t\t<div data-elementor-type=\"wp-page\" data-elementor-id=\"10982\" class=\"elementor elementor-10982\">\n\t\t\t\t<div class=\"elementor-element elementor-element-1ef2dc0 e-con-full e-flex e-con e-parent\" data-id=\"1ef2dc0\" data-element_type=\"container\" data-e-type=\"container\">\n\t\t<div class=\"elementor-element elementor-element-7944b7e e-flex e-con-boxed e-con e-child\" data-id=\"7944b7e\" data-element_type=\"container\" data-e-type=\"container\">\n\t\t\t\t\t<div class=\"e-con-inner\">\n\t\t\t\t<div class=\"elementor-element elementor-element-0c40396 elementor-widget elementor-widget-tp-portfolio-perspective-slider\" data-id=\"0c40396\" data-element_type=\"widget\" data-e-type=\"widget\" data-widget_type=\"tp-portfolio-perspective-slider.default\">\n\t\t\t\t<div class=\"elementor-widget-container\">\n\t\t\t\t\t\n        \n            <div class=\"tp-perspective-area tp-el-section\">\n                <div class=\"container container-1646\">\n                    <div class=\"row\">\n                        <div class=\"col-xl-12\">\n                            <div class=\"tp-perspective-slider\">\n                                                                    <div class=\"tp-perspective-main\">\n                                        <div class=\"tp-perspective-inner\">\n                                            <div class=\"tp-perspective-image\">\n                                                <div class=\"ripple-image px-hero-bg-img tp-el-img\">\n                                                    <img decoding=\"async\" src=\"https:\/\/wp.aqlova.com\/aleric\/home-portfolio\/wp-content\/uploads\/sites\/20\/2025\/12\/slider-3.jpg\" alt=\"\">\n                                                <\/div>\n                                                <div class=\"tp-perspective-content\">\n                                                    <span class=\"tp-perspective-category tp_reveal_anim tp-el-pre\">Branding<\/span>\n                                                    <h1 class=\"tp-perspective-title tp_reveal_anim not-hide-cursor tp-el-title\" data-cursor=\"View &lt;br&gt; Demo\">\n                                                        <a class=\"cursor-hide\" href=\"#\" target=\"\" rel=\"\">Keepgrading<\/a>\n                                                    <\/h1>\n                                                <\/div>\n                                            <\/div>\n                                        <\/div>\n                                    <\/div>\n                                                                    <div class=\"tp-perspective-main\">\n                                        <div class=\"tp-perspective-inner\">\n                                            <div class=\"tp-perspective-image\">\n                                                <div class=\"ripple-image px-hero-bg-img tp-el-img\">\n                                                    <img decoding=\"async\" src=\"https:\/\/wp.aqlova.com\/aleric\/home-portfolio\/wp-content\/uploads\/sites\/20\/2025\/12\/slider-1.jpg\" alt=\"\">\n                                                <\/div>\n                                                <div class=\"tp-perspective-content\">\n                                                    <span class=\"tp-perspective-category tp_reveal_anim tp-el-pre\">Branding<\/span>\n                                                    <h1 class=\"tp-perspective-title tp_reveal_anim not-hide-cursor tp-el-title\" data-cursor=\"View &lt;br&gt; Demo\">\n                                                        <a class=\"cursor-hide\" href=\"#\" target=\"\" rel=\"\">Din\u00e1mica<\/a>\n                                                    <\/h1>\n                                                <\/div>\n                                            <\/div>\n                                        <\/div>\n                                    <\/div>\n                                                                    <div class=\"tp-perspective-main\">\n                                        <div class=\"tp-perspective-inner\">\n                                            <div class=\"tp-perspective-image\">\n                                                <div class=\"ripple-image px-hero-bg-img tp-el-img\">\n                                                    <img decoding=\"async\" src=\"https:\/\/wp.aqlova.com\/aleric\/home-portfolio\/wp-content\/uploads\/sites\/20\/2025\/12\/slider-2.jpg\" alt=\"\">\n                                                <\/div>\n                                                <div class=\"tp-perspective-content\">\n                                                    <span class=\"tp-perspective-category tp_reveal_anim tp-el-pre\">Branding<\/span>\n                                                    <h1 class=\"tp-perspective-title tp_reveal_anim not-hide-cursor tp-el-title\" data-cursor=\"View &lt;br&gt; Demo\">\n                                                        <a class=\"cursor-hide\" href=\"#\" target=\"\" rel=\"\">Gr\u00e1fico<\/a>\n                                                    <\/h1>\n                                                <\/div>\n                                            <\/div>\n                                        <\/div>\n                                    <\/div>\n                                                                    <div class=\"tp-perspective-main\">\n                                        <div class=\"tp-perspective-inner\">\n                                            <div class=\"tp-perspective-image\">\n                                                <div class=\"ripple-image px-hero-bg-img tp-el-img\">\n                                                    <img decoding=\"async\" src=\"https:\/\/wp.aqlova.com\/aleric\/home-portfolio\/wp-content\/uploads\/sites\/20\/2025\/12\/slider-4.jpg\" alt=\"\">\n                                                <\/div>\n                                                <div class=\"tp-perspective-content\">\n                                                    <span class=\"tp-perspective-category tp_reveal_anim tp-el-pre\">Branding<\/span>\n                                                    <h1 class=\"tp-perspective-title tp_reveal_anim not-hide-cursor tp-el-title\" data-cursor=\"View &lt;br&gt; Demo\">\n                                                        <a class=\"cursor-hide\" href=\"#\" target=\"\" rel=\"\">Din\u00e1mica<\/a>\n                                                    <\/h1>\n                                                <\/div>\n                                            <\/div>\n                                        <\/div>\n                                    <\/div>\n                                                                    <div class=\"tp-perspective-main\">\n                                        <div class=\"tp-perspective-inner\">\n                                            <div class=\"tp-perspective-image\">\n                                                <div class=\"ripple-image px-hero-bg-img tp-el-img\">\n                                                    <img decoding=\"async\" src=\"https:\/\/wp.aqlova.com\/aleric\/home-portfolio\/wp-content\/uploads\/sites\/20\/2025\/12\/slider-5.jpg\" alt=\"\">\n                                                <\/div>\n                                                <div class=\"tp-perspective-content\">\n                                                    <span class=\"tp-perspective-category tp_reveal_anim tp-el-pre\">Branding<\/span>\n                                                    <h1 class=\"tp-perspective-title tp_reveal_anim not-hide-cursor tp-el-title\" data-cursor=\"View &lt;br&gt; Demo\">\n                                                        <a class=\"cursor-hide\" href=\"#\" target=\"\" rel=\"\">Din\u00e1mica<\/a>\n                                                    <\/h1>\n                                                <\/div>\n                                            <\/div>\n                                        <\/div>\n                                    <\/div>\n                                                            <\/div>\n                        <\/div>\n                    <\/div>\n                <\/div>\n            <\/div>\n\t\t\t\t<\/div>\n\t\t\t\t<\/div>\n\t\t\t\t\t<\/div>\n\t\t\t\t<\/div>\n\t\t\t\t<\/div>\n\t\t\t\t<\/div>\n\t\t","protected":false},"excerpt":{"rendered":"<p>Branding Keepgrading Branding Din\u00e1mica Branding Gr\u00e1fico Branding Din\u00e1mica Branding Din\u00e1mica<\/p>\n","protected":false},"author":1,"featured_media":0,"parent":0,"menu_order":0,"comment_status":"closed","ping_status":"closed","template":"elementor_header_footer","meta":{"footnotes":""},"class_list":["post-10982","page","type-page","status-publish","hentry"],"_links":{"self":[{"href":"https:\/\/wp.aqlova.com\/aleric\/home-portfolio\/wp-json\/wp\/v2\/pages\/10982","targetHints":{"allow":["GET"]}}],"collection":[{"href":"https:\/\/wp.aqlova.com\/aleric\/home-portfolio\/wp-json\/wp\/v2\/pages"}],"about":[{"href":"https:\/\/wp.aqlova.com\/aleric\/home-portfolio\/wp-json\/wp\/v2\/types\/page"}],"author":[{"embeddable":true,"href":"https:\/\/wp.aqlova.com\/aleric\/home-portfolio\/wp-json\/wp\/v2\/users\/1"}],"replies":[{"embeddable":true,"href":"https:\/\/wp.aqlova.com\/aleric\/home-portfolio\/wp-json\/wp\/v2\/comments?post=10982"}],"version-history":[{"count":0,"href":"https:\/\/wp.aqlova.com\/aleric\/home-portfolio\/wp-json\/wp\/v2\/pages\/10982\/revisions"}],"wp:attachment":[{"href":"https:\/\/wp.aqlova.com\/aleric\/home-portfolio\/wp-json\/wp\/v2\/media?parent=10982"}],"curies":[{"name":"wp","href":"https:\/\/api.w.org\/{rel}","templated":true}]}}